{"id":58,"date":"2022-02-16T13:50:34","date_gmt":"2022-02-16T13:50:34","guid":{"rendered":"https:\/\/k-afa.eu\/ru\/?page_id=58"},"modified":"2025-12-01T18:55:36","modified_gmt":"2025-12-01T18:55:36","slug":"cenik","status":"publish","type":"page","link":"https:\/\/terapiekristina.cz\/ru\/cenik\/","title":{"rendered":"\u0426\u0435\u043d\u044b"},"content":{"rendered":"\n<style type=\"text\/css\">\n  @list blackCircle {\n    mso-level-number-format: bullet;\n    mso-level-text: \ud83e\udde0;\n  }\n  @media screen and ( -webkit-min-device-pixel-ratio:0 ) {\n    .blackCircle { list-style: none; }\n    .blackCircle:before {\n      content: '\ud83e\udde0';      \n    }\n    [class=\"x_blackCircle\"] { list-style: initial !important; }\n    [data-outlook-cycle] .blackCircle { list-style: initial !important; }\n    .blackLink {\n    border-radius:37px; \n    background-color: transparent; \n    border: 2px solid; \n    padding: .667em 1.333em;\n    margin: 30 10 10 10px;\n    font-family: 'Roboto' ,sans-serif;    \n    color: #FFFFFF;\n    background-color: #32373c;\n    border-radius: 9999px;\n    box-shadow: none;\n    cursor: pointer;\n    display: inline-block;\n    font-size: 20px;    \n    text-align: center;\n    text-decoration: none;\n    word-break: break-word;\n    box-sizing: border-box;\n  \n  }\n  .textStyle {    \n    padding:0; \n    font-family: Verdana, Serif; \n    font-size: 18px;\n  }\n<\/style>\n\n<table class=\"textStyle\">\n\t<tbody><tr>\n    \t<td>\n        \t<img src=\"https:\/\/terapiekristina.cz\/ru\/wp-content\/uploads\/sites\/11\/2022\/02\/273806891_677214796744352_6725063754543391051_n-1024x501.png\" style=\"display: block; margin-left: auto; margin-right: auto; width: 50%;\">\n            \n        <\/td>\n    <\/tr>\n<\/tbody><\/table>\n\n<table class=\"textStyle\" style=\"margin: auto;\">\n\t<tbody><tr>\n      <td style=\"margin-right: 50px;\">\n          <p>\n            \u0418\u043d\u0434\u0438\u0432\u0438\u0434\u0443\u0430\u043b\u044c\u043d\u0430\u044f \u0442\u0435\u0440\u0430\u043f\u0438\u044f \u043e\u043d\u043b\u0430\u0439\u043d\/\u0432 \u0436\u0438\u0432\u0443\u044e (50 \u043c\u0438\u043d\u0443\u0442):\n          <\/p>\n      <\/td>\n      <td style=\"float: right;\">\n      \t<p>\n        <strong>\n        \t1500 \u043a\u0440\u043e\u043d\n        <\/strong>\n        <\/p>\n      <\/td>\n  <\/tr>\n  <tr>\n      <td style=\"margin-right: 50px;\">\n        <p>\n   \n    <\/p><\/td><\/tr><tr>\n      <td style=\"text-align: center; font-size: 14px;\">\n      \t<p>\n    \u041e\u043f\u043b\u0430\u0442\u0430 \u043f\u0440\u043e\u0432\u043e\u0434\u0438\u0442\u0441\u044f \u043d\u0430\u043b\u0438\u0447\u043d\u044b\u043c\u0438 \u0438\u043b\u0438 \u043f\u0435\u0440\u0435\u0432\u043e\u0434\u043e\u043c \u043d\u0430 \u0431\u0430\u043d\u043a\u043e\u0432\u0441\u043a\u0438\u0439 \u0441\u0447\u0435\u0442. \u042f \u0441\u043e\u0442\u0440\u0443\u0434\u043d\u0438\u0447\u0430\u044e \u0441\u043e \u0441\u0442\u0440\u0430\u0445\u043e\u0432\u044b\u043c\u0438 \u043a\u043e\u043c\u043f\u0430\u043d\u0438\u044f\u043c\u0438, \u0432 \u0440\u0430\u043c\u043a\u0430\u0445 \u043f\u0440\u043e\u0433\u0440\u0430\u043c\u043c\u044b \u043f\u0440\u043e\u0444\u0438\u043b\u0430\u043a\u0442\u0438\u043a\u0438 \u043f\u0441\u0438\u0445\u0438\u0447\u0435\u0441\u043a\u0438\u0445 \u0437\u0430\u0431\u043e\u043b\u0435\u0432\u0430\u043d\u0438\u0439 \u043c\u043e\u0436\u043d\u043e \u043f\u043e\u0434\u0430\u0442\u044c \u0437\u0430\u044f\u0432\u043b\u0435\u043d\u0438\u0435 \u043d\u0430 \u0432\u043e\u0437\u043c\u0435\u0449\u0435\u043d\u0438\u0435 \u0447\u0430\u0441\u0442\u0438 \u0444\u0438\u043d\u0430\u043d\u0441\u043e\u0432 \u0437\u0430 \u0442\u0435\u0440\u0430\u043f\u0438\u044e (\u0434\u043e 5000 \u043a\u0440\u043e\u043d), \u0431\u043e\u043b\u044c\u0448\u0435 \u0438\u043d\u0444\u043e\u0440\u043c\u0430\u0446\u0438\u0438 \u0437\u0434\u0435\u0441\u044c https:\/\/dusevnizdravi.vzp.cz\/informace-o-prispevku\/. \u0412 \u0441\u043b\u0443\u0447\u0430\u0435 \u043d\u0435\u044f\u0441\u043d\u043e\u0441\u0442\u0435\u0439 \u0443\u0442\u043e\u0447\u043d\u0438\u0442\u0435 \u0443 \u043c\u0435\u043d\u044f \u0432\u043e\u0437\u043c\u043e\u0436\u043d\u043e\u0441\u0442\u0438 \u0438\u0441\u043f\u043e\u043b\u044c\u0437\u043e\u0432\u0430\u043d\u0438\u044f \u043f\u0440\u043e\u0433\u0440\u0430\u043c\u043c\u044b. \n    \t<\/p>        \n      <\/td>\n    <\/tr>\n<\/tbody><\/table>\n","protected":false},"excerpt":{"rendered":"<p>\u0418\u043d\u0434\u0438\u0432\u0438\u0434\u0443\u0430\u043b\u044c\u043d\u0430\u044f \u0442\u0435\u0440\u0430\u043f\u0438\u044f \u043e\u043d\u043b\u0430\u0439\u043d\/\u0432 \u0436\u0438\u0432\u0443\u044e (50 \u043c\u0438\u043d\u0443\u0442): 1500 \u043a\u0440\u043e\u043d \u041e\u043f\u043b\u0430\u0442\u0430 \u043f\u0440\u043e\u0432\u043e\u0434\u0438\u0442\u0441\u044f \u043d\u0430\u043b\u0438\u0447\u043d\u044b\u043c\u0438 \u0438\u043b\u0438 \u043f\u0435\u0440\u0435\u0432\u043e\u0434\u043e\u043c \u043d\u0430 \u0431\u0430\u043d\u043a\u043e\u0432\u0441\u043a\u0438\u0439 \u0441\u0447\u0435\u0442. \u042f \u0441\u043e\u0442\u0440\u0443\u0434\u043d\u0438\u0447\u0430\u044e \u0441\u043e \u0441\u0442\u0440\u0430\u0445\u043e\u0432\u044b\u043c\u0438 \u043a\u043e\u043c\u043f\u0430\u043d\u0438\u044f\u043c\u0438, \u0432 \u0440\u0430\u043c\u043a\u0430\u0445 \u043f\u0440\u043e\u0433\u0440\u0430\u043c\u043c\u044b \u043f\u0440\u043e\u0444\u0438\u043b\u0430\u043a\u0442\u0438\u043a\u0438 \u043f\u0441\u0438\u0445\u0438\u0447\u0435\u0441\u043a\u0438\u0445 \u0437\u0430\u0431\u043e\u043b\u0435\u0432\u0430\u043d\u0438\u0439 \u043c\u043e\u0436\u043d\u043e \u043f\u043e\u0434\u0430\u0442\u044c \u0437\u0430\u044f\u0432\u043b\u0435\u043d\u0438\u0435 \u043d\u0430 \u0432\u043e\u0437\u043c\u0435\u0449\u0435\u043d\u0438\u0435 \u0447\u0430\u0441\u0442\u0438 \u0444\u0438\u043d\u0430\u043d\u0441\u043e\u0432 \u0437\u0430 \u0442\u0435\u0440\u0430\u043f\u0438\u044e (\u0434\u043e 5000 \u043a\u0440\u043e\u043d), \u0431\u043e\u043b\u044c\u0448\u0435 \u0438\u043d\u0444\u043e\u0440\u043c\u0430\u0446\u0438\u0438 \u0437\u0434\u0435\u0441\u044c https:\/\/dusevnizdravi.vzp.cz\/informace-o-prispevku\/. \u0412 \u0441\u043b\u0443\u0447\u0430\u0435 \u043d\u0435\u044f\u0441\u043d\u043e\u0441\u0442\u0435\u0439 \u0443\u0442\u043e\u0447\u043d\u0438\u0442\u0435 \u0443 \u043c\u0435\u043d\u044f \u0432\u043e\u0437\u043c\u043e\u0436\u043d\u043e\u0441\u0442\u0438 \u0438\u0441\u043f\u043e\u043b\u044c\u0437\u043e\u0432\u0430\u043d\u0438\u044f \u043f\u0440\u043e\u0433\u0440\u0430\u043c\u043c\u044b.<\/p>\n","protected":false},"author":1,"featured_media":0,"parent":0,"menu_order":0,"comment_status":"closed","ping_status":"closed","template":"","meta":[],"yoast_head":"<!-- This site is optimized with the Yoast SEO plugin v18.2 - https:\/\/yoast.com\/wordpress\/plugins\/seo\/ -->\n<title>Mgr. \u041a\u0420\u0418\u0421\u0422\u0418\u041d\u0410 \u0410\u0424\u0410\u041d\u0410\u0421\u042c\u0415\u0412\u0410 | \u0426\u0435\u043d\u044b<\/title>\n<meta name=\"description\" content=\"\u0426\u0435\u043d\u044b. \u0418\u043d\u0434\u0438\u0432\u0438\u0434\u0443\u0430\u043b\u044c\u043d\u0430\u044f \u0442\u0435\u0440\u0430\u043f\u0438\u044f \u043e\u043d\u043b\u0430\u0439\u043d (50 \u043c\u0438\u043d\u0443\u0442). \u0418\u043d\u0434\u0438\u0432\u0438\u0434\u0443\u0430\u043b\u044c\u043d\u0430\u044f \u0442\u0435\u0440\u0430\u043f\u0438\u044f \u043b\u0438\u0447\u043d\u043e (50 \u043c\u0438\u043d\u0443\u0442). \u041e\u043f\u043b\u0430\u0442\u0430 \u043f\u0440\u043e\u0432\u043e\u0434\u0438\u0442\u0441\u044f \u043d\u0430\u043b\u0438\u0447\u043d\u044b\u043c\u0438 \u0438\u043b\u0438 \u043f\u0435\u0440\u0435\u0432\u043e\u0434\u043e\u043c \u043d\u0430 \u0431\u0430\u043d\u043a\u043e\u0432\u0441\u043a\u0438\u0439 \u0441\u0447\u0435\u0442. \u042f \u043d\u0435 \u0441\u043e\u0442\u0440\u0443\u0434\u043d\u0438\u0447\u0430\u044e \u0441\u043e \u0441\u0442\u0440\u0430\u0445\u043e\u0432\u044b\u043c\u0438 \u043a\u043e\u043c\u043f\u0430\u043d\u0438\u044f\u043c\u0438.\" \/>\n<meta name=\"robots\" content=\"index, follow, max-snippet:-1, max-image-preview:large, max-video-preview:-1\" \/>\n<link rel=\"canonical\" href=\"https:\/\/terapiekristina.cz\/ru\/cenik\/\" \/>\n<meta property=\"og:locale\" content=\"cs_CZ\" \/>\n<meta property=\"og:type\" content=\"article\" \/>\n<meta property=\"og:title\" content=\"Mgr. \u041a\u0420\u0418\u0421\u0422\u0418\u041d\u0410 \u0410\u0424\u0410\u041d\u0410\u0421\u042c\u0415\u0412\u0410 | \u0426\u0435\u043d\u044b\" \/>\n<meta property=\"og:description\" content=\"\u0426\u0435\u043d\u044b. \u0418\u043d\u0434\u0438\u0432\u0438\u0434\u0443\u0430\u043b\u044c\u043d\u0430\u044f \u0442\u0435\u0440\u0430\u043f\u0438\u044f \u043e\u043d\u043b\u0430\u0439\u043d (50 \u043c\u0438\u043d\u0443\u0442). \u0418\u043d\u0434\u0438\u0432\u0438\u0434\u0443\u0430\u043b\u044c\u043d\u0430\u044f \u0442\u0435\u0440\u0430\u043f\u0438\u044f \u043b\u0438\u0447\u043d\u043e (50 \u043c\u0438\u043d\u0443\u0442). \u041e\u043f\u043b\u0430\u0442\u0430 \u043f\u0440\u043e\u0432\u043e\u0434\u0438\u0442\u0441\u044f \u043d\u0430\u043b\u0438\u0447\u043d\u044b\u043c\u0438 \u0438\u043b\u0438 \u043f\u0435\u0440\u0435\u0432\u043e\u0434\u043e\u043c \u043d\u0430 \u0431\u0430\u043d\u043a\u043e\u0432\u0441\u043a\u0438\u0439 \u0441\u0447\u0435\u0442. \u042f \u043d\u0435 \u0441\u043e\u0442\u0440\u0443\u0434\u043d\u0438\u0447\u0430\u044e \u0441\u043e \u0441\u0442\u0440\u0430\u0445\u043e\u0432\u044b\u043c\u0438 \u043a\u043e\u043c\u043f\u0430\u043d\u0438\u044f\u043c\u0438.\" \/>\n<meta property=\"og:url\" content=\"https:\/\/terapiekristina.cz\/ru\/cenik\/\" \/>\n<meta property=\"og:site_name\" content=\"\u043f\u0441\u0438\u0445\u043e\u043b\u043e\u0433\u0438\u0447\u0435\u0441\u043a\u043e\u0435 \u043a\u043e\u043d\u0441\u0443\u043b\u044c\u0442\u0438\u0440\u043e\u0432\u0430\u043d\u0438\u0435\" \/>\n<meta property=\"article:modified_time\" content=\"2025-12-01T18:55:36+00:00\" \/>\n<meta property=\"og:image\" content=\"https:\/\/terapiekristina.cz\/ru\/wp-content\/uploads\/sites\/11\/2022\/02\/273806891_677214796744352_6725063754543391051_n-1024x501.png\" \/>\n<meta name=\"twitter:card\" content=\"summary_large_image\" \/>\n<meta name=\"twitter:label1\" content=\"Odhadovan\u00e1 doba \u010dten\u00ed\" \/>\n\t<meta name=\"twitter:data1\" content=\"1 minuta\" \/>\n<script type=\"application\/ld+json\" class=\"yoast-schema-graph\">{\"@context\":\"https:\/\/schema.org\",\"@graph\":[{\"@type\":\"Organization\",\"@id\":\"https:\/\/terapiekristina.cz\/ru\/#organization\",\"name\":\"Kristina Afanasyeva\",\"url\":\"https:\/\/terapiekristina.cz\/ru\/\",\"sameAs\":[\"https:\/\/www.linkedin.com\/in\/kristina-afanasyeva-868139207\/\"],\"logo\":{\"@type\":\"ImageObject\",\"@id\":\"https:\/\/terapiekristina.cz\/ru\/#logo\",\"inLanguage\":\"cs\",\"url\":\"https:\/\/k-afa.eu\/ru\/wp-content\/uploads\/sites\/11\/2022\/02\/intro_pic2.png\",\"contentUrl\":\"https:\/\/k-afa.eu\/ru\/wp-content\/uploads\/sites\/11\/2022\/02\/intro_pic2.png\",\"width\":1239,\"height\":518,\"caption\":\"Kristina Afanasyeva\"},\"image\":{\"@id\":\"https:\/\/terapiekristina.cz\/ru\/#logo\"}},{\"@type\":\"WebSite\",\"@id\":\"https:\/\/terapiekristina.cz\/ru\/#website\",\"url\":\"https:\/\/terapiekristina.cz\/ru\/\",\"name\":\"\u043f\u0441\u0438\u0445\u043e\u043b\u043e\u0433\u0438\u0447\u0435\u0441\u043a\u043e\u0435 \u043a\u043e\u043d\u0441\u0443\u043b\u044c\u0442\u0438\u0440\u043e\u0432\u0430\u043d\u0438\u0435\",\"description\":\"\u043a\u0440\u0438\u0441\u0442\u0438\u043d\u0430 \u0433\u0430\u0431\u0435\u0440\u0446\u0435\u0442\u0442\u043b\u044c \u0430\u0444\u0430\u043d\u0430\u0441\u044c\u0435\u0432\u0430 \",\"publisher\":{\"@id\":\"https:\/\/terapiekristina.cz\/ru\/#organization\"},\"potentialAction\":[{\"@type\":\"SearchAction\",\"target\":{\"@type\":\"EntryPoint\",\"urlTemplate\":\"https:\/\/terapiekristina.cz\/ru\/?s={search_term_string}\"},\"query-input\":\"required name=search_term_string\"}],\"inLanguage\":\"cs\"},{\"@type\":\"ImageObject\",\"@id\":\"https:\/\/terapiekristina.cz\/ru\/cenik\/#primaryimage\",\"inLanguage\":\"cs\",\"url\":\"https:\/\/terapiekristina.cz\/ru\/wp-content\/uploads\/sites\/11\/2022\/02\/273806891_677214796744352_6725063754543391051_n-1024x501.png\",\"contentUrl\":\"https:\/\/terapiekristina.cz\/ru\/wp-content\/uploads\/sites\/11\/2022\/02\/273806891_677214796744352_6725063754543391051_n-1024x501.png\"},{\"@type\":\"WebPage\",\"@id\":\"https:\/\/terapiekristina.cz\/ru\/cenik\/#webpage\",\"url\":\"https:\/\/terapiekristina.cz\/ru\/cenik\/\",\"name\":\"Mgr. \u041a\u0420\u0418\u0421\u0422\u0418\u041d\u0410 \u0410\u0424\u0410\u041d\u0410\u0421\u042c\u0415\u0412\u0410 | \u0426\u0435\u043d\u044b\",\"isPartOf\":{\"@id\":\"https:\/\/terapiekristina.cz\/ru\/#website\"},\"primaryImageOfPage\":{\"@id\":\"https:\/\/terapiekristina.cz\/ru\/cenik\/#primaryimage\"},\"datePublished\":\"2022-02-16T13:50:34+00:00\",\"dateModified\":\"2025-12-01T18:55:36+00:00\",\"description\":\"\u0426\u0435\u043d\u044b. \u0418\u043d\u0434\u0438\u0432\u0438\u0434\u0443\u0430\u043b\u044c\u043d\u0430\u044f \u0442\u0435\u0440\u0430\u043f\u0438\u044f \u043e\u043d\u043b\u0430\u0439\u043d (50 \u043c\u0438\u043d\u0443\u0442). \u0418\u043d\u0434\u0438\u0432\u0438\u0434\u0443\u0430\u043b\u044c\u043d\u0430\u044f \u0442\u0435\u0440\u0430\u043f\u0438\u044f \u043b\u0438\u0447\u043d\u043e (50 \u043c\u0438\u043d\u0443\u0442). \u041e\u043f\u043b\u0430\u0442\u0430 \u043f\u0440\u043e\u0432\u043e\u0434\u0438\u0442\u0441\u044f \u043d\u0430\u043b\u0438\u0447\u043d\u044b\u043c\u0438 \u0438\u043b\u0438 \u043f\u0435\u0440\u0435\u0432\u043e\u0434\u043e\u043c \u043d\u0430 \u0431\u0430\u043d\u043a\u043e\u0432\u0441\u043a\u0438\u0439 \u0441\u0447\u0435\u0442. \u042f \u043d\u0435 \u0441\u043e\u0442\u0440\u0443\u0434\u043d\u0438\u0447\u0430\u044e \u0441\u043e \u0441\u0442\u0440\u0430\u0445\u043e\u0432\u044b\u043c\u0438 \u043a\u043e\u043c\u043f\u0430\u043d\u0438\u044f\u043c\u0438.\",\"breadcrumb\":{\"@id\":\"https:\/\/terapiekristina.cz\/ru\/cenik\/#breadcrumb\"},\"inLanguage\":\"cs\",\"potentialAction\":[{\"@type\":\"ReadAction\",\"target\":[\"https:\/\/terapiekristina.cz\/ru\/cenik\/\"]}]},{\"@type\":\"BreadcrumbList\",\"@id\":\"https:\/\/terapiekristina.cz\/ru\/cenik\/#breadcrumb\",\"itemListElement\":[{\"@type\":\"ListItem\",\"position\":1,\"name\":\"Dom\u016f\",\"item\":\"https:\/\/terapiekristina.cz\/ru\/\"},{\"@type\":\"ListItem\",\"position\":2,\"name\":\"\u0426\u0435\u043d\u044b\"}]}]}<\/script>\n<!-- \/ Yoast SEO plugin. -->","yoast_head_json":{"title":"Mgr. \u041a\u0420\u0418\u0421\u0422\u0418\u041d\u0410 \u0410\u0424\u0410\u041d\u0410\u0421\u042c\u0415\u0412\u0410 | \u0426\u0435\u043d\u044b","description":"\u0426\u0435\u043d\u044b. \u0418\u043d\u0434\u0438\u0432\u0438\u0434\u0443\u0430\u043b\u044c\u043d\u0430\u044f \u0442\u0435\u0440\u0430\u043f\u0438\u044f \u043e\u043d\u043b\u0430\u0439\u043d (50 \u043c\u0438\u043d\u0443\u0442). \u0418\u043d\u0434\u0438\u0432\u0438\u0434\u0443\u0430\u043b\u044c\u043d\u0430\u044f \u0442\u0435\u0440\u0430\u043f\u0438\u044f \u043b\u0438\u0447\u043d\u043e (50 \u043c\u0438\u043d\u0443\u0442). \u041e\u043f\u043b\u0430\u0442\u0430 \u043f\u0440\u043e\u0432\u043e\u0434\u0438\u0442\u0441\u044f \u043d\u0430\u043b\u0438\u0447\u043d\u044b\u043c\u0438 \u0438\u043b\u0438 \u043f\u0435\u0440\u0435\u0432\u043e\u0434\u043e\u043c \u043d\u0430 \u0431\u0430\u043d\u043a\u043e\u0432\u0441\u043a\u0438\u0439 \u0441\u0447\u0435\u0442. \u042f \u043d\u0435 \u0441\u043e\u0442\u0440\u0443\u0434\u043d\u0438\u0447\u0430\u044e \u0441\u043e \u0441\u0442\u0440\u0430\u0445\u043e\u0432\u044b\u043c\u0438 \u043a\u043e\u043c\u043f\u0430\u043d\u0438\u044f\u043c\u0438.","robots":{"index":"index","follow":"follow","max-snippet":"max-snippet:-1","max-image-preview":"max-image-preview:large","max-video-preview":"max-video-preview:-1"},"canonical":"https:\/\/terapiekristina.cz\/ru\/cenik\/","og_locale":"cs_CZ","og_type":"article","og_title":"Mgr. \u041a\u0420\u0418\u0421\u0422\u0418\u041d\u0410 \u0410\u0424\u0410\u041d\u0410\u0421\u042c\u0415\u0412\u0410 | \u0426\u0435\u043d\u044b","og_description":"\u0426\u0435\u043d\u044b. \u0418\u043d\u0434\u0438\u0432\u0438\u0434\u0443\u0430\u043b\u044c\u043d\u0430\u044f \u0442\u0435\u0440\u0430\u043f\u0438\u044f \u043e\u043d\u043b\u0430\u0439\u043d (50 \u043c\u0438\u043d\u0443\u0442). \u0418\u043d\u0434\u0438\u0432\u0438\u0434\u0443\u0430\u043b\u044c\u043d\u0430\u044f \u0442\u0435\u0440\u0430\u043f\u0438\u044f \u043b\u0438\u0447\u043d\u043e (50 \u043c\u0438\u043d\u0443\u0442). \u041e\u043f\u043b\u0430\u0442\u0430 \u043f\u0440\u043e\u0432\u043e\u0434\u0438\u0442\u0441\u044f \u043d\u0430\u043b\u0438\u0447\u043d\u044b\u043c\u0438 \u0438\u043b\u0438 \u043f\u0435\u0440\u0435\u0432\u043e\u0434\u043e\u043c \u043d\u0430 \u0431\u0430\u043d\u043a\u043e\u0432\u0441\u043a\u0438\u0439 \u0441\u0447\u0435\u0442. \u042f \u043d\u0435 \u0441\u043e\u0442\u0440\u0443\u0434\u043d\u0438\u0447\u0430\u044e \u0441\u043e \u0441\u0442\u0440\u0430\u0445\u043e\u0432\u044b\u043c\u0438 \u043a\u043e\u043c\u043f\u0430\u043d\u0438\u044f\u043c\u0438.","og_url":"https:\/\/terapiekristina.cz\/ru\/cenik\/","og_site_name":"\u043f\u0441\u0438\u0445\u043e\u043b\u043e\u0433\u0438\u0447\u0435\u0441\u043a\u043e\u0435 \u043a\u043e\u043d\u0441\u0443\u043b\u044c\u0442\u0438\u0440\u043e\u0432\u0430\u043d\u0438\u0435","article_modified_time":"2025-12-01T18:55:36+00:00","og_image":[{"url":"https:\/\/terapiekristina.cz\/ru\/wp-content\/uploads\/sites\/11\/2022\/02\/273806891_677214796744352_6725063754543391051_n-1024x501.png"}],"twitter_card":"summary_large_image","twitter_misc":{"Odhadovan\u00e1 doba \u010dten\u00ed":"1 minuta"},"schema":{"@context":"https:\/\/schema.org","@graph":[{"@type":"Organization","@id":"https:\/\/terapiekristina.cz\/ru\/#organization","name":"Kristina Afanasyeva","url":"https:\/\/terapiekristina.cz\/ru\/","sameAs":["https:\/\/www.linkedin.com\/in\/kristina-afanasyeva-868139207\/"],"logo":{"@type":"ImageObject","@id":"https:\/\/terapiekristina.cz\/ru\/#logo","inLanguage":"cs","url":"https:\/\/k-afa.eu\/ru\/wp-content\/uploads\/sites\/11\/2022\/02\/intro_pic2.png","contentUrl":"https:\/\/k-afa.eu\/ru\/wp-content\/uploads\/sites\/11\/2022\/02\/intro_pic2.png","width":1239,"height":518,"caption":"Kristina Afanasyeva"},"image":{"@id":"https:\/\/terapiekristina.cz\/ru\/#logo"}},{"@type":"WebSite","@id":"https:\/\/terapiekristina.cz\/ru\/#website","url":"https:\/\/terapiekristina.cz\/ru\/","name":"\u043f\u0441\u0438\u0445\u043e\u043b\u043e\u0433\u0438\u0447\u0435\u0441\u043a\u043e\u0435 \u043a\u043e\u043d\u0441\u0443\u043b\u044c\u0442\u0438\u0440\u043e\u0432\u0430\u043d\u0438\u0435","description":"\u043a\u0440\u0438\u0441\u0442\u0438\u043d\u0430 \u0433\u0430\u0431\u0435\u0440\u0446\u0435\u0442\u0442\u043b\u044c \u0430\u0444\u0430\u043d\u0430\u0441\u044c\u0435\u0432\u0430 ","publisher":{"@id":"https:\/\/terapiekristina.cz\/ru\/#organization"},"potentialAction":[{"@type":"SearchAction","target":{"@type":"EntryPoint","urlTemplate":"https:\/\/terapiekristina.cz\/ru\/?s={search_term_string}"},"query-input":"required name=search_term_string"}],"inLanguage":"cs"},{"@type":"ImageObject","@id":"https:\/\/terapiekristina.cz\/ru\/cenik\/#primaryimage","inLanguage":"cs","url":"https:\/\/terapiekristina.cz\/ru\/wp-content\/uploads\/sites\/11\/2022\/02\/273806891_677214796744352_6725063754543391051_n-1024x501.png","contentUrl":"https:\/\/terapiekristina.cz\/ru\/wp-content\/uploads\/sites\/11\/2022\/02\/273806891_677214796744352_6725063754543391051_n-1024x501.png"},{"@type":"WebPage","@id":"https:\/\/terapiekristina.cz\/ru\/cenik\/#webpage","url":"https:\/\/terapiekristina.cz\/ru\/cenik\/","name":"Mgr. \u041a\u0420\u0418\u0421\u0422\u0418\u041d\u0410 \u0410\u0424\u0410\u041d\u0410\u0421\u042c\u0415\u0412\u0410 | \u0426\u0435\u043d\u044b","isPartOf":{"@id":"https:\/\/terapiekristina.cz\/ru\/#website"},"primaryImageOfPage":{"@id":"https:\/\/terapiekristina.cz\/ru\/cenik\/#primaryimage"},"datePublished":"2022-02-16T13:50:34+00:00","dateModified":"2025-12-01T18:55:36+00:00","description":"\u0426\u0435\u043d\u044b. \u0418\u043d\u0434\u0438\u0432\u0438\u0434\u0443\u0430\u043b\u044c\u043d\u0430\u044f \u0442\u0435\u0440\u0430\u043f\u0438\u044f \u043e\u043d\u043b\u0430\u0439\u043d (50 \u043c\u0438\u043d\u0443\u0442). \u0418\u043d\u0434\u0438\u0432\u0438\u0434\u0443\u0430\u043b\u044c\u043d\u0430\u044f \u0442\u0435\u0440\u0430\u043f\u0438\u044f \u043b\u0438\u0447\u043d\u043e (50 \u043c\u0438\u043d\u0443\u0442). \u041e\u043f\u043b\u0430\u0442\u0430 \u043f\u0440\u043e\u0432\u043e\u0434\u0438\u0442\u0441\u044f \u043d\u0430\u043b\u0438\u0447\u043d\u044b\u043c\u0438 \u0438\u043b\u0438 \u043f\u0435\u0440\u0435\u0432\u043e\u0434\u043e\u043c \u043d\u0430 \u0431\u0430\u043d\u043a\u043e\u0432\u0441\u043a\u0438\u0439 \u0441\u0447\u0435\u0442. \u042f \u043d\u0435 \u0441\u043e\u0442\u0440\u0443\u0434\u043d\u0438\u0447\u0430\u044e \u0441\u043e \u0441\u0442\u0440\u0430\u0445\u043e\u0432\u044b\u043c\u0438 \u043a\u043e\u043c\u043f\u0430\u043d\u0438\u044f\u043c\u0438.","breadcrumb":{"@id":"https:\/\/terapiekristina.cz\/ru\/cenik\/#breadcrumb"},"inLanguage":"cs","potentialAction":[{"@type":"ReadAction","target":["https:\/\/terapiekristina.cz\/ru\/cenik\/"]}]},{"@type":"BreadcrumbList","@id":"https:\/\/terapiekristina.cz\/ru\/cenik\/#breadcrumb","itemListElement":[{"@type":"ListItem","position":1,"name":"Dom\u016f","item":"https:\/\/terapiekristina.cz\/ru\/"},{"@type":"ListItem","position":2,"name":"\u0426\u0435\u043d\u044b"}]}]}},"_links":{"self":[{"href":"https:\/\/terapiekristina.cz\/ru\/wp-json\/wp\/v2\/pages\/58"}],"collection":[{"href":"https:\/\/terapiekristina.cz\/ru\/wp-json\/wp\/v2\/pages"}],"about":[{"href":"https:\/\/terapiekristina.cz\/ru\/wp-json\/wp\/v2\/types\/page"}],"author":[{"embeddable":true,"href":"https:\/\/terapiekristina.cz\/ru\/wp-json\/wp\/v2\/users\/1"}],"replies":[{"embeddable":true,"href":"https:\/\/terapiekristina.cz\/ru\/wp-json\/wp\/v2\/comments?post=58"}],"version-history":[{"count":25,"href":"https:\/\/terapiekristina.cz\/ru\/wp-json\/wp\/v2\/pages\/58\/revisions"}],"predecessor-version":[{"id":637,"href":"https:\/\/terapiekristina.cz\/ru\/wp-json\/wp\/v2\/pages\/58\/revisions\/637"}],"wp:attachment":[{"href":"https:\/\/terapiekristina.cz\/ru\/wp-json\/wp\/v2\/media?parent=58"}],"curies":[{"name":"wp","href":"https:\/\/api.w.org\/{rel}","templated":true}]}}