{"id":2,"date":"2022-02-08T20:05:43","date_gmt":"2022-02-08T20:05:43","guid":{"rendered":"http:\/\/k-afa.eu\/ru\/?page_id=2"},"modified":"2025-03-03T11:29:08","modified_gmt":"2025-03-03T11:29:08","slug":"kristina-afanasyeva","status":"publish","type":"page","link":"https:\/\/terapiekristina.cz\/ru\/kristina-afanasyeva\/","title":{"rendered":"Mgr. \u041a\u0440\u0438\u0441\u0442\u0438\u043d\u0430 \u0413\u0430\u0431\u0435\u0440\u0446\u0435\u0442\u0442\u043b\u044c \u0410\u0444\u0430\u043d\u0430\u0441\u044c\u0435\u0432\u0430"},"content":{"rendered":"\n<div class=\"wp-container-69f499bd2d6d3 wp-block-group\"><div class=\"wp-block-group__inner-container\">\n<div class=\"wp-container-69f499bd2d1c2 wp-block-group\"><div class=\"wp-block-group__inner-container\">\n<style type=\"text\/css\">\n  @list blackCircle {\n    mso-level-number-format: bullet;\n    mso-level-text: \ud83e\udde0;\n  }\n  @media screen and ( -webkit-min-device-pixel-ratio:0 ) {\n    .blackCircle { list-style: none; }\n    .blackCircle:before {\n      content: '\ud83e\udde0';      \n    }\n    [class=\"x_blackCircle\"] { list-style: initial !important; }\n    [data-outlook-cycle] .blackCircle { list-style: initial !important; }\n    .blackLink {\n    border-radius:37px; \n    background-color: transparent; \n    border: 2px solid; \n    padding: .667em 1.333em;\n    margin: 30 10 10 10px;\n    font-family: 'Roboto' ,sans-serif;    \n    color: #FFFFFF;\n    background-color: #32373c;\n    border-radius: 9999px;\n    box-shadow: none;\n    cursor: pointer;\n    display: inline-block;\n    font-size: 20px;    \n    text-align: center;\n    text-decoration: none;\n    word-break: break-word;\n    box-sizing: border-box;\n  \n  }\n  .textStyle {    \n    padding:0; \n    font-family: Verdana, Serif; \n    font-size: 18px;\n  }\n<\/style>\n\n\n\n<figure class=\"wp-block-table\"><table><tbody><tr><td>\n        \t<img src=\"https:\/\/terapiekristina.cz\/ru\/wp-content\/uploads\/sites\/11\/2022\/02\/273881798_1248025789017809_8316897366225162315_n-1-937x1024.png\" style=\"display: block;\n  margin-left: auto;\n  margin-right: auto;\n  width: 50%;\">\n            \n        <\/td><\/tr><tr><\/tr><tr><td>        <p>           \u0420\u043e\u0434\u043e\u043c \u044f \u0438\u0437 \u0431\u0435\u043b\u043e\u0440\u0443\u0441\u0441\u043a\u043e\u0433\u043e \u0433\u043e\u0440\u043e\u0434\u043a\u0430 \u0412\u0438\u0442\u0435\u0431\u0441\u043a. \u0412 \u0427\u0435\u0448\u0441\u043a\u0443\u044e \u0440\u0435\u0441\u043f\u0443\u0431\u043b\u0438\u043a\u0443 \u043f\u0435\u0440\u0435\u0435\u0445\u0430\u043b\u0430 \u0432 18 \u043b\u0435\u0442 \u0434\u043b\u044f \u043f\u043e\u043b\u0443\u0447\u0435\u043d\u0438\u044f \u043e\u0431\u0440\u0430\u0437\u043e\u0432\u0430\u043d\u0438\u044f. \u042f \u043f\u043e\u043b\u0443\u0447\u0438\u043b\u0430 \u0441\u0442\u0435\u043f\u0435\u043d\u044c \u043c\u0430\u0433\u0438\u0441\u0442\u0440\u0430 \u043f\u0441\u0438\u0445\u043e\u043b\u043e\u0433\u0438\u0438 \u043d\u0430 \u043f\u0435\u0434\u0430\u0433\u043e\u0433\u0438\u0447\u0435\u0441\u043a\u043e\u043c \u0444\u0430\u043a\u0443\u043b\u044c\u0442\u0435\u0442\u0435 \u0432 \u041f\u0440\u0430\u0433\u0435.         <\/p>         <p>          \u042f \u0442\u0430\u043a \u0436\u0435 \u043e\u043a\u043e\u043d\u0447\u0438\u043b\u0430 \u043a\u0443\u0440\u0441 \u043a\u0440\u0438\u0437\u0438\u0441\u043d\u043e\u0439 \u0438\u043d\u0442\u0435\u0440\u0432\u0435\u043d\u0446\u0438\u0438 (Linka bezpe\u010d\u00ed, z.s.). \u0412 2024 \u0433\u043e\u0434\u0443 \u044f \u043e\u043a\u043e\u043d\u0447\u0438\u043b\u0430 \u0430\u043a\u043a\u0440\u0435\u0434\u0438\u0442\u0438\u0440\u043e\u0432\u0430\u043d\u043d\u0443\u044e \u043f\u044f\u0442\u0438\u043b\u0435\u0442\u043d\u044e\u044e \u043f\u0441\u0438\u0445\u043e\u0442\u0435\u0440\u0430\u043f\u0435\u0432\u0442\u0438\u0447\u0435\u0441\u043a\u0443\u044e \u043f\u0440\u043e\u0433\u0440\u0430\u043c\u043c\u0443 \u043f\u043e \u043a\u043e\u0433\u043d\u0438\u0442\u0438\u0432\u043d\u043e-\u043f\u043e\u0432\u0435\u0434\u0435\u043d\u0447\u0435\u0441\u043a\u043e\u0439 \u0442\u0435\u0440\u0430\u043f\u0438\u0438, \u043a\u043e\u0442\u043e\u0440\u044b\u0439 \u0438\u043c\u0435\u0435\u0442 \u0430\u043a\u043a\u0440\u0435\u0434\u0438\u0442\u0430\u0446\u0438\u044e \u0427\u0435\u0448\u0441\u043a\u043e\u0433\u043e \u043f\u0441\u0438\u0445\u043e\u0442\u0435\u0440\u0430\u043f\u0435\u0432\u0442\u0438\u0447\u0435\u0441\u043a\u043e\u0433\u043e \u0441\u043e\u043e\u0431\u0449\u0435\u0441\u0442\u0432\u0430 \u0427\u0435\u0448\u0441\u043a\u043e\u0433\u043e \u043c\u0435\u0434\u0438\u0446\u0438\u043d\u0441\u043a\u043e\u0433\u043e \u0441\u043e\u043e\u0431\u0449\u0435\u0441\u0442\u0432\u0430 J.E. Purkyn\u011b. \u0420\u0430\u0431\u043e\u0442\u0430\u044e \u043f\u043e\u0434 \u043f\u043e\u0441\u0442\u043e\u044f\u043d\u043d\u043e\u0439 \u0441\u0443\u043f\u0435\u0440\u0432\u0438\u0437\u0438\u0435\u0439.         <\/p>         <p>          \u0412\u043e \u0432\u0440\u0435\u043c\u044f \u0443\u0447\u0435\u0431\u044b \u044f \u043f\u0440\u0438\u043d\u0438\u043c\u0430\u043b\u0430 \u0443\u0447\u0430\u0441\u0442\u0438\u0435 \u0432 \u043d\u0435\u0441\u043a\u043e\u043b\u044c\u043a\u0438\u0445 \u043d\u0430\u0443\u0447\u043d\u044b\u0445 \u043f\u0440\u043e\u0435\u043a\u0442\u0430\u0445 \u041d\u0430\u0446\u0438\u043e\u043d\u0430\u043b\u044c\u043d\u043e\u0433\u043e \u0438\u043d\u0441\u0442\u0438\u0442\u0443\u0442\u0430 \u0434\u0443\u0448\u0435\u0432\u043d\u043e\u0433\u043e \u0437\u0434\u043e\u0440\u043e\u0432\u044c\u044f (N\u00daDZ), \u0432\u0435\u043b\u0430 \u043a\u0440\u0443\u0436\u043a\u0438 \u0438 \u043a\u043e\u0433\u043d\u0438\u0442\u0438\u0432\u043d\u044b\u0435 \u0442\u0440\u0435\u043d\u0438\u043d\u0433\u0438 \u0434\u043b\u044f \u043b\u044e\u0434\u0435\u0439 \u0441 \u043f\u0441\u0438\u0445\u0438\u0447\u0435\u0441\u043a\u0438\u043c \u0437\u0430\u0431\u043e\u043b\u0435\u0432\u0430\u043d\u0438\u0435\u043c.         <\/p>         <p>          \u0412\u043c\u0435\u0441\u0442\u0435 \u0441 \u044d\u0442\u0438\u043c, \u0440\u0430\u0431\u043e\u0442\u0430\u043b\u0430 \u0432 \u043e\u0431\u0449\u0435\u0441\u0442\u0432\u0435\u043d\u043d\u043e\u0439 \u043e\u0440\u0433\u0430\u043d\u0438\u0437\u0430\u0446\u0438\u0438, \u0433\u0434\u0435 \u0437\u0430\u043d\u0438\u043c\u0430\u043b\u0430\u0441\u044c \u043f\u043e\u0434\u0434\u0435\u0440\u0436\u043a\u043e\u0439 \u043b\u044e\u0434\u0435\u0439 (\u0432 \u043e\u0441\u043d\u043e\u0432\u043d\u043e\u043c \u0438\u043d\u043e\u0441\u0442\u0440\u0430\u043d\u0446\u0435\u0432), \u043a\u043e\u0442\u043e\u0440\u044b\u0435 \u043f\u0435\u0440\u0435\u0436\u0438\u043b\u0438 \u0442\u0440\u0430\u0432\u043c\u0430\u0442\u0438\u0447\u0435\u0441\u043a\u0438\u0439 \u043e\u043f\u044b\u0442, \u0441\u043e\u043f\u0440\u043e\u0432\u043e\u0436\u0434\u0430\u043b\u0430 \u0438\u0445 \u0432 \u043f\u0440\u043e\u0446\u0435\u0441\u0441\u0435 \u0430\u0434\u0430\u043f\u0442\u0430\u0446\u0438\u0438.          <\/p>         <p>          \u0412 \u043d\u0430\u0441\u0442\u043e\u044f\u0449\u0435\u0435 \u0432\u0440\u0435\u043c\u044f \u0440\u0430\u0431\u043e\u0442\u0430\u044e \u043f\u0441\u0438\u0445\u043e\u043b\u043e\u0433\u043e\u043c \u0432 \u0437\u0434\u0440\u0430\u0432\u043e\u043e\u0445\u0440\u0430\u043d\u0435\u043d\u0438\u0438 \u0432 \u043a\u043b\u0438\u043d\u0438\u043a\u0435 \u0438 \u043e\u0431\u0449\u0435\u0441\u0442\u0432\u0435\u043d\u043d\u043e\u0439 \u043e\u0440\u0433\u0430\u043d\u0438\u0437\u0430\u0446\u0438\u0438 (Kognitera s.r.o.), \u0433\u0434\u0435 \u043f\u0440\u043e\u0432\u043e\u0436\u0443 \u043f\u0441\u0438\u0445\u043e\u0434\u0438\u0430\u0433\u043d\u043e\u0441\u0442\u0438\u043a\u0443 \u0438 \u043f\u0441\u0438\u0445\u043e\u043b\u043e\u0433\u0438\u0447\u0435\u0441\u043a\u043e\u0435 \u043a\u043e\u043d\u0441\u0443\u043b\u044c\u0442\u0438\u0440\u043e\u0432\u0430\u043d\u0438\u0435 \u0441\u043e \u0432\u0437\u0440\u043e\u0441\u043b\u044b\u043c\u0438 \u043b\u044e\u0434\u044c\u043c\u0438. <\/p>       <\/td><\/tr><\/tbody><\/table><\/figure>\n<\/div><\/div>\n\n\n\n<div class=\"wp-block-columns\">\n<div class=\"wp-block-column\" style=\"flex-basis:50%\"><\/div>\n<\/div>\n<\/div><\/div>\n\n\n\n<ul class=\"wp-container-69f499bd2dbe8 wp-block-social-links\"><li class=\"wp-social-link wp-social-link-linkedin wp-block-social-link\"><a href=\"https:\/\/www.linkedin.com\/in\/kristina-afanasyeva-868139207\/\" aria-label=\"LinkedIn: https:\/\/www.linkedin.com\/in\/kristina-afanasyeva-868139207\/\"  class=\"wp-block-social-link-anchor\"> <svg width=\"24\" height=\"24\" viewBox=\"0 0 24 24\" version=\"1.1\" xmlns=\"http:\/\/www.w3.org\/2000\/svg\" role=\"img\" aria-hidden=\"true\" focusable=\"false\"><path d=\"M19.7,3H4.3C3.582,3,3,3.582,3,4.3v15.4C3,20.418,3.582,21,4.3,21h15.4c0.718,0,1.3-0.582,1.3-1.3V4.3 C21,3.582,20.418,3,19.7,3z M8.339,18.338H5.667v-8.59h2.672V18.338z M7.004,8.574c-0.857,0-1.549-0.694-1.549-1.548 c0-0.855,0.691-1.548,1.549-1.548c0.854,0,1.547,0.694,1.547,1.548C8.551,7.881,7.858,8.574,7.004,8.574z M18.339,18.338h-2.669 v-4.177c0-0.996-0.017-2.278-1.387-2.278c-1.389,0-1.601,1.086-1.601,2.206v4.249h-2.667v-8.59h2.559v1.174h0.037 c0.356-0.675,1.227-1.387,2.526-1.387c2.703,0,3.203,1.779,3.203,4.092V18.338z\"><\/path><\/svg><\/a><\/li><\/ul>\n","protected":false},"excerpt":{"rendered":"<p>\u0420\u043e\u0434\u043e\u043c \u044f \u0438\u0437 \u0431\u0435\u043b\u043e\u0440\u0443\u0441\u0441\u043a\u043e\u0433\u043e \u0433\u043e\u0440\u043e\u0434\u043a\u0430 \u0412\u0438\u0442\u0435\u0431\u0441\u043a. \u0412 \u0427\u0435\u0448\u0441\u043a\u0443\u044e \u0440\u0435\u0441\u043f\u0443\u0431\u043b\u0438\u043a\u0443 \u043f\u0435\u0440\u0435\u0435\u0445\u0430\u043b\u0430 \u0432 18 \u043b\u0435\u0442 \u0434\u043b\u044f \u043f\u043e\u043b\u0443\u0447\u0435\u043d\u0438\u044f \u043e\u0431\u0440\u0430\u0437\u043e\u0432\u0430\u043d\u0438\u044f. \u042f \u043f\u043e\u043b\u0443\u0447\u0438\u043b\u0430 \u0441\u0442\u0435\u043f\u0435\u043d\u044c \u043c\u0430\u0433\u0438\u0441\u0442\u0440\u0430 \u043f\u0441\u0438\u0445\u043e\u043b\u043e\u0433\u0438\u0438 \u043d\u0430 \u043f\u0435\u0434\u0430\u0433\u043e\u0433\u0438\u0447\u0435\u0441\u043a\u043e\u043c \u0444\u0430\u043a\u0443\u043b\u044c\u0442\u0435\u0442\u0435 \u0432 \u041f\u0440\u0430\u0433\u0435. \u042f \u0442\u0430\u043a \u0436\u0435 \u043e\u043a\u043e\u043d\u0447\u0438\u043b\u0430 \u043a\u0443\u0440\u0441 \u043a\u0440\u0438\u0437\u0438\u0441\u043d\u043e\u0439 \u0438\u043d\u0442\u0435\u0440\u0432\u0435\u043d\u0446\u0438\u0438 (Linka bezpe\u010d\u00ed, z.s.). \u0412 2024 \u0433\u043e\u0434\u0443 \u044f \u043e\u043a\u043e\u043d\u0447\u0438\u043b\u0430 \u0430\u043a\u043a\u0440\u0435\u0434\u0438\u0442\u0438\u0440\u043e\u0432\u0430\u043d\u043d\u0443\u044e \u043f\u044f\u0442\u0438\u043b\u0435\u0442\u043d\u044e\u044e \u043f\u0441\u0438\u0445\u043e\u0442\u0435\u0440\u0430\u043f\u0435\u0432\u0442\u0438\u0447\u0435\u0441\u043a\u0443\u044e \u043f\u0440\u043e\u0433\u0440\u0430\u043c\u043c\u0443 \u043f\u043e \u043a\u043e\u0433\u043d\u0438\u0442\u0438\u0432\u043d\u043e-\u043f\u043e\u0432\u0435\u0434\u0435\u043d\u0447\u0435\u0441\u043a\u043e\u0439 \u0442\u0435\u0440\u0430\u043f\u0438\u0438, \u043a\u043e\u0442\u043e\u0440\u044b\u0439 \u0438\u043c\u0435\u0435\u0442 \u0430\u043a\u043a\u0440\u0435\u0434\u0438\u0442\u0430\u0446\u0438\u044e \u0427\u0435\u0448\u0441\u043a\u043e\u0433\u043e \u043f\u0441\u0438\u0445\u043e\u0442\u0435\u0440\u0430\u043f\u0435\u0432\u0442\u0438\u0447\u0435\u0441\u043a\u043e\u0433\u043e \u0441\u043e\u043e\u0431\u0449\u0435\u0441\u0442\u0432\u0430 \u0427\u0435\u0448\u0441\u043a\u043e\u0433\u043e [&hellip;]<\/p>\n","protected":false},"author":1,"featured_media":0,"parent":0,"menu_order":0,"comment_status":"closed","ping_status":"closed","template":"","meta":[],"yoast_head":"<!-- This site is optimized with the Yoast SEO plugin v18.2 - https:\/\/yoast.com\/wordpress\/plugins\/seo\/ -->\n<title>Mgr. \u041a\u0440\u0438\u0441\u0442\u0438\u043d\u0430 \u0413\u0430\u0431\u0435\u0440\u0446\u0435\u0442\u0442\u043b\u044c \u0410\u0444\u0430\u043d\u0430\u0441\u044c\u0435\u0432\u0430<\/title>\n<meta name=\"description\" content=\"\u0420\u043e\u0434\u043e\u043c \u044f \u0438\u0437 \u0431\u0435\u043b\u043e\u0440\u0443\u0441\u0441\u043a\u043e\u0433\u043e \u0433\u043e\u0440\u043e\u0434\u043a\u0430 \u0412\u0438\u0442\u0435\u0431\u0441\u043a. \u0412 \u0427\u0435\u0448\u0441\u043a\u0443\u044e \u0440\u0435\u0441\u043f\u0443\u0431\u043b\u0438\u043a\u0443 \u043f\u0435\u0440\u0435\u0435\u0445\u0430\u043b\u0430 \u0432 18 \u043b\u0435\u0442 \u0434\u043b\u044f \u043f\u043e\u043b\u0443\u0447\u0435\u043d\u0438\u044f \u043e\u0431\u0440\u0430\u0437\u043e\u0432\u0430\u043d\u0438\u044f. \u042f \u043f\u043e\u043b\u0443\u0447\u0438\u043b\u0430 \u0441\u0442\u0435\u043f\u0435\u043d\u044c \u043c\u0430\u0433\u0438\u0441\u0442\u0440\u0430 \u043f\u0441\u0438\u0445\u043e\u043b\u043e\u0433\u0438\u0438 \u043d\u0430\" \/>\n<meta name=\"robots\" content=\"index, follow, max-snippet:-1, max-image-preview:large, max-video-preview:-1\" \/>\n<link rel=\"canonical\" href=\"https:\/\/terapiekristina.cz\/ru\/kristina-afanasyeva\/\" \/>\n<meta property=\"og:locale\" content=\"cs_CZ\" \/>\n<meta property=\"og:type\" content=\"article\" \/>\n<meta property=\"og:title\" content=\"Mgr. \u041a\u0440\u0438\u0441\u0442\u0438\u043d\u0430 \u0413\u0430\u0431\u0435\u0440\u0446\u0435\u0442\u0442\u043b\u044c \u0410\u0444\u0430\u043d\u0430\u0441\u044c\u0435\u0432\u0430\" \/>\n<meta property=\"og:description\" content=\"\u0420\u043e\u0434\u043e\u043c \u044f \u0438\u0437 \u0431\u0435\u043b\u043e\u0440\u0443\u0441\u0441\u043a\u043e\u0433\u043e \u0433\u043e\u0440\u043e\u0434\u043a\u0430 \u0412\u0438\u0442\u0435\u0431\u0441\u043a. \u0412 \u0427\u0435\u0448\u0441\u043a\u0443\u044e \u0440\u0435\u0441\u043f\u0443\u0431\u043b\u0438\u043a\u0443 \u043f\u0435\u0440\u0435\u0435\u0445\u0430\u043b\u0430 \u0432 18 \u043b\u0435\u0442 \u0434\u043b\u044f \u043f\u043e\u043b\u0443\u0447\u0435\u043d\u0438\u044f \u043e\u0431\u0440\u0430\u0437\u043e\u0432\u0430\u043d\u0438\u044f. \u042f \u043f\u043e\u043b\u0443\u0447\u0438\u043b\u0430 \u0441\u0442\u0435\u043f\u0435\u043d\u044c \u043c\u0430\u0433\u0438\u0441\u0442\u0440\u0430 \u043f\u0441\u0438\u0445\u043e\u043b\u043e\u0433\u0438\u0438 \u043d\u0430\" \/>\n<meta property=\"og:url\" content=\"https:\/\/terapiekristina.cz\/ru\/kristina-afanasyeva\/\" \/>\n<meta property=\"og:site_name\" content=\"\u043f\u0441\u0438\u0445\u043e\u043b\u043e\u0433\u0438\u0447\u0435\u0441\u043a\u043e\u0435 \u043a\u043e\u043d\u0441\u0443\u043b\u044c\u0442\u0438\u0440\u043e\u0432\u0430\u043d\u0438\u0435\" \/>\n<meta property=\"article:modified_time\" content=\"2025-03-03T11:29:08+00:00\" \/>\n<meta property=\"og:image\" content=\"https:\/\/terapiekristina.cz\/ru\/wp-content\/uploads\/sites\/11\/2022\/02\/273881798_1248025789017809_8316897366225162315_n-1-937x1024.png\" \/>\n<meta name=\"twitter:card\" content=\"summary_large_image\" \/>\n<meta name=\"twitter:label1\" content=\"Odhadovan\u00e1 doba \u010dten\u00ed\" \/>\n\t<meta name=\"twitter:data1\" content=\"2 minuty\" \/>\n<script type=\"application\/ld+json\" class=\"yoast-schema-graph\">{\"@context\":\"https:\/\/schema.org\",\"@graph\":[{\"@type\":\"Organization\",\"@id\":\"https:\/\/terapiekristina.cz\/ru\/#organization\",\"name\":\"Kristina Afanasyeva\",\"url\":\"https:\/\/terapiekristina.cz\/ru\/\",\"sameAs\":[\"https:\/\/www.linkedin.com\/in\/kristina-afanasyeva-868139207\/\"],\"logo\":{\"@type\":\"ImageObject\",\"@id\":\"https:\/\/terapiekristina.cz\/ru\/#logo\",\"inLanguage\":\"cs\",\"url\":\"https:\/\/k-afa.eu\/ru\/wp-content\/uploads\/sites\/11\/2022\/02\/intro_pic2.png\",\"contentUrl\":\"https:\/\/k-afa.eu\/ru\/wp-content\/uploads\/sites\/11\/2022\/02\/intro_pic2.png\",\"width\":1239,\"height\":518,\"caption\":\"Kristina Afanasyeva\"},\"image\":{\"@id\":\"https:\/\/terapiekristina.cz\/ru\/#logo\"}},{\"@type\":\"WebSite\",\"@id\":\"https:\/\/terapiekristina.cz\/ru\/#website\",\"url\":\"https:\/\/terapiekristina.cz\/ru\/\",\"name\":\"\u043f\u0441\u0438\u0445\u043e\u043b\u043e\u0433\u0438\u0447\u0435\u0441\u043a\u043e\u0435 \u043a\u043e\u043d\u0441\u0443\u043b\u044c\u0442\u0438\u0440\u043e\u0432\u0430\u043d\u0438\u0435\",\"description\":\"\u043a\u0440\u0438\u0441\u0442\u0438\u043d\u0430 \u0433\u0430\u0431\u0435\u0440\u0446\u0435\u0442\u0442\u043b\u044c \u0430\u0444\u0430\u043d\u0430\u0441\u044c\u0435\u0432\u0430 \",\"publisher\":{\"@id\":\"https:\/\/terapiekristina.cz\/ru\/#organization\"},\"potentialAction\":[{\"@type\":\"SearchAction\",\"target\":{\"@type\":\"EntryPoint\",\"urlTemplate\":\"https:\/\/terapiekristina.cz\/ru\/?s={search_term_string}\"},\"query-input\":\"required name=search_term_string\"}],\"inLanguage\":\"cs\"},{\"@type\":\"ImageObject\",\"@id\":\"https:\/\/terapiekristina.cz\/ru\/kristina-afanasyeva\/#primaryimage\",\"inLanguage\":\"cs\",\"url\":\"https:\/\/terapiekristina.cz\/ru\/wp-content\/uploads\/sites\/11\/2022\/02\/273881798_1248025789017809_8316897366225162315_n-1-937x1024.png\",\"contentUrl\":\"https:\/\/terapiekristina.cz\/ru\/wp-content\/uploads\/sites\/11\/2022\/02\/273881798_1248025789017809_8316897366225162315_n-1-937x1024.png\"},{\"@type\":\"WebPage\",\"@id\":\"https:\/\/terapiekristina.cz\/ru\/kristina-afanasyeva\/#webpage\",\"url\":\"https:\/\/terapiekristina.cz\/ru\/kristina-afanasyeva\/\",\"name\":\"Mgr. \u041a\u0440\u0438\u0441\u0442\u0438\u043d\u0430 \u0413\u0430\u0431\u0435\u0440\u0446\u0435\u0442\u0442\u043b\u044c \u0410\u0444\u0430\u043d\u0430\u0441\u044c\u0435\u0432\u0430\",\"isPartOf\":{\"@id\":\"https:\/\/terapiekristina.cz\/ru\/#website\"},\"primaryImageOfPage\":{\"@id\":\"https:\/\/terapiekristina.cz\/ru\/kristina-afanasyeva\/#primaryimage\"},\"datePublished\":\"2022-02-08T20:05:43+00:00\",\"dateModified\":\"2025-03-03T11:29:08+00:00\",\"description\":\"\u0420\u043e\u0434\u043e\u043c \u044f \u0438\u0437 \u0431\u0435\u043b\u043e\u0440\u0443\u0441\u0441\u043a\u043e\u0433\u043e \u0433\u043e\u0440\u043e\u0434\u043a\u0430 \u0412\u0438\u0442\u0435\u0431\u0441\u043a. \u0412 \u0427\u0435\u0448\u0441\u043a\u0443\u044e \u0440\u0435\u0441\u043f\u0443\u0431\u043b\u0438\u043a\u0443 \u043f\u0435\u0440\u0435\u0435\u0445\u0430\u043b\u0430 \u0432 18 \u043b\u0435\u0442 \u0434\u043b\u044f \u043f\u043e\u043b\u0443\u0447\u0435\u043d\u0438\u044f \u043e\u0431\u0440\u0430\u0437\u043e\u0432\u0430\u043d\u0438\u044f. \u042f \u043f\u043e\u043b\u0443\u0447\u0438\u043b\u0430 \u0441\u0442\u0435\u043f\u0435\u043d\u044c \u043c\u0430\u0433\u0438\u0441\u0442\u0440\u0430 \u043f\u0441\u0438\u0445\u043e\u043b\u043e\u0433\u0438\u0438 \u043d\u0430\",\"breadcrumb\":{\"@id\":\"https:\/\/terapiekristina.cz\/ru\/kristina-afanasyeva\/#breadcrumb\"},\"inLanguage\":\"cs\",\"potentialAction\":[{\"@type\":\"ReadAction\",\"target\":[\"https:\/\/terapiekristina.cz\/ru\/kristina-afanasyeva\/\"]}]},{\"@type\":\"BreadcrumbList\",\"@id\":\"https:\/\/terapiekristina.cz\/ru\/kristina-afanasyeva\/#breadcrumb\",\"itemListElement\":[{\"@type\":\"ListItem\",\"position\":1,\"name\":\"Dom\u016f\",\"item\":\"https:\/\/terapiekristina.cz\/ru\/\"},{\"@type\":\"ListItem\",\"position\":2,\"name\":\"Mgr. \u041a\u0440\u0438\u0441\u0442\u0438\u043d\u0430 \u0413\u0430\u0431\u0435\u0440\u0446\u0435\u0442\u0442\u043b\u044c \u0410\u0444\u0430\u043d\u0430\u0441\u044c\u0435\u0432\u0430\"}]}]}<\/script>\n<!-- \/ Yoast SEO plugin. -->","yoast_head_json":{"title":"Mgr. \u041a\u0440\u0438\u0441\u0442\u0438\u043d\u0430 \u0413\u0430\u0431\u0435\u0440\u0446\u0435\u0442\u0442\u043b\u044c \u0410\u0444\u0430\u043d\u0430\u0441\u044c\u0435\u0432\u0430","description":"\u0420\u043e\u0434\u043e\u043c \u044f \u0438\u0437 \u0431\u0435\u043b\u043e\u0440\u0443\u0441\u0441\u043a\u043e\u0433\u043e \u0433\u043e\u0440\u043e\u0434\u043a\u0430 \u0412\u0438\u0442\u0435\u0431\u0441\u043a. \u0412 \u0427\u0435\u0448\u0441\u043a\u0443\u044e \u0440\u0435\u0441\u043f\u0443\u0431\u043b\u0438\u043a\u0443 \u043f\u0435\u0440\u0435\u0435\u0445\u0430\u043b\u0430 \u0432 18 \u043b\u0435\u0442 \u0434\u043b\u044f \u043f\u043e\u043b\u0443\u0447\u0435\u043d\u0438\u044f \u043e\u0431\u0440\u0430\u0437\u043e\u0432\u0430\u043d\u0438\u044f. \u042f \u043f\u043e\u043b\u0443\u0447\u0438\u043b\u0430 \u0441\u0442\u0435\u043f\u0435\u043d\u044c \u043c\u0430\u0433\u0438\u0441\u0442\u0440\u0430 \u043f\u0441\u0438\u0445\u043e\u043b\u043e\u0433\u0438\u0438 \u043d\u0430","robots":{"index":"index","follow":"follow","max-snippet":"max-snippet:-1","max-image-preview":"max-image-preview:large","max-video-preview":"max-video-preview:-1"},"canonical":"https:\/\/terapiekristina.cz\/ru\/kristina-afanasyeva\/","og_locale":"cs_CZ","og_type":"article","og_title":"Mgr. \u041a\u0440\u0438\u0441\u0442\u0438\u043d\u0430 \u0413\u0430\u0431\u0435\u0440\u0446\u0435\u0442\u0442\u043b\u044c \u0410\u0444\u0430\u043d\u0430\u0441\u044c\u0435\u0432\u0430","og_description":"\u0420\u043e\u0434\u043e\u043c \u044f \u0438\u0437 \u0431\u0435\u043b\u043e\u0440\u0443\u0441\u0441\u043a\u043e\u0433\u043e \u0433\u043e\u0440\u043e\u0434\u043a\u0430 \u0412\u0438\u0442\u0435\u0431\u0441\u043a. \u0412 \u0427\u0435\u0448\u0441\u043a\u0443\u044e \u0440\u0435\u0441\u043f\u0443\u0431\u043b\u0438\u043a\u0443 \u043f\u0435\u0440\u0435\u0435\u0445\u0430\u043b\u0430 \u0432 18 \u043b\u0435\u0442 \u0434\u043b\u044f \u043f\u043e\u043b\u0443\u0447\u0435\u043d\u0438\u044f \u043e\u0431\u0440\u0430\u0437\u043e\u0432\u0430\u043d\u0438\u044f. \u042f \u043f\u043e\u043b\u0443\u0447\u0438\u043b\u0430 \u0441\u0442\u0435\u043f\u0435\u043d\u044c \u043c\u0430\u0433\u0438\u0441\u0442\u0440\u0430 \u043f\u0441\u0438\u0445\u043e\u043b\u043e\u0433\u0438\u0438 \u043d\u0430","og_url":"https:\/\/terapiekristina.cz\/ru\/kristina-afanasyeva\/","og_site_name":"\u043f\u0441\u0438\u0445\u043e\u043b\u043e\u0433\u0438\u0447\u0435\u0441\u043a\u043e\u0435 \u043a\u043e\u043d\u0441\u0443\u043b\u044c\u0442\u0438\u0440\u043e\u0432\u0430\u043d\u0438\u0435","article_modified_time":"2025-03-03T11:29:08+00:00","og_image":[{"url":"https:\/\/terapiekristina.cz\/ru\/wp-content\/uploads\/sites\/11\/2022\/02\/273881798_1248025789017809_8316897366225162315_n-1-937x1024.png"}],"twitter_card":"summary_large_image","twitter_misc":{"Odhadovan\u00e1 doba \u010dten\u00ed":"2 minuty"},"schema":{"@context":"https:\/\/schema.org","@graph":[{"@type":"Organization","@id":"https:\/\/terapiekristina.cz\/ru\/#organization","name":"Kristina Afanasyeva","url":"https:\/\/terapiekristina.cz\/ru\/","sameAs":["https:\/\/www.linkedin.com\/in\/kristina-afanasyeva-868139207\/"],"logo":{"@type":"ImageObject","@id":"https:\/\/terapiekristina.cz\/ru\/#logo","inLanguage":"cs","url":"https:\/\/k-afa.eu\/ru\/wp-content\/uploads\/sites\/11\/2022\/02\/intro_pic2.png","contentUrl":"https:\/\/k-afa.eu\/ru\/wp-content\/uploads\/sites\/11\/2022\/02\/intro_pic2.png","width":1239,"height":518,"caption":"Kristina Afanasyeva"},"image":{"@id":"https:\/\/terapiekristina.cz\/ru\/#logo"}},{"@type":"WebSite","@id":"https:\/\/terapiekristina.cz\/ru\/#website","url":"https:\/\/terapiekristina.cz\/ru\/","name":"\u043f\u0441\u0438\u0445\u043e\u043b\u043e\u0433\u0438\u0447\u0435\u0441\u043a\u043e\u0435 \u043a\u043e\u043d\u0441\u0443\u043b\u044c\u0442\u0438\u0440\u043e\u0432\u0430\u043d\u0438\u0435","description":"\u043a\u0440\u0438\u0441\u0442\u0438\u043d\u0430 \u0433\u0430\u0431\u0435\u0440\u0446\u0435\u0442\u0442\u043b\u044c \u0430\u0444\u0430\u043d\u0430\u0441\u044c\u0435\u0432\u0430 ","publisher":{"@id":"https:\/\/terapiekristina.cz\/ru\/#organization"},"potentialAction":[{"@type":"SearchAction","target":{"@type":"EntryPoint","urlTemplate":"https:\/\/terapiekristina.cz\/ru\/?s={search_term_string}"},"query-input":"required name=search_term_string"}],"inLanguage":"cs"},{"@type":"ImageObject","@id":"https:\/\/terapiekristina.cz\/ru\/kristina-afanasyeva\/#primaryimage","inLanguage":"cs","url":"https:\/\/terapiekristina.cz\/ru\/wp-content\/uploads\/sites\/11\/2022\/02\/273881798_1248025789017809_8316897366225162315_n-1-937x1024.png","contentUrl":"https:\/\/terapiekristina.cz\/ru\/wp-content\/uploads\/sites\/11\/2022\/02\/273881798_1248025789017809_8316897366225162315_n-1-937x1024.png"},{"@type":"WebPage","@id":"https:\/\/terapiekristina.cz\/ru\/kristina-afanasyeva\/#webpage","url":"https:\/\/terapiekristina.cz\/ru\/kristina-afanasyeva\/","name":"Mgr. \u041a\u0440\u0438\u0441\u0442\u0438\u043d\u0430 \u0413\u0430\u0431\u0435\u0440\u0446\u0435\u0442\u0442\u043b\u044c \u0410\u0444\u0430\u043d\u0430\u0441\u044c\u0435\u0432\u0430","isPartOf":{"@id":"https:\/\/terapiekristina.cz\/ru\/#website"},"primaryImageOfPage":{"@id":"https:\/\/terapiekristina.cz\/ru\/kristina-afanasyeva\/#primaryimage"},"datePublished":"2022-02-08T20:05:43+00:00","dateModified":"2025-03-03T11:29:08+00:00","description":"\u0420\u043e\u0434\u043e\u043c \u044f \u0438\u0437 \u0431\u0435\u043b\u043e\u0440\u0443\u0441\u0441\u043a\u043e\u0433\u043e \u0433\u043e\u0440\u043e\u0434\u043a\u0430 \u0412\u0438\u0442\u0435\u0431\u0441\u043a. \u0412 \u0427\u0435\u0448\u0441\u043a\u0443\u044e \u0440\u0435\u0441\u043f\u0443\u0431\u043b\u0438\u043a\u0443 \u043f\u0435\u0440\u0435\u0435\u0445\u0430\u043b\u0430 \u0432 18 \u043b\u0435\u0442 \u0434\u043b\u044f \u043f\u043e\u043b\u0443\u0447\u0435\u043d\u0438\u044f \u043e\u0431\u0440\u0430\u0437\u043e\u0432\u0430\u043d\u0438\u044f. \u042f \u043f\u043e\u043b\u0443\u0447\u0438\u043b\u0430 \u0441\u0442\u0435\u043f\u0435\u043d\u044c \u043c\u0430\u0433\u0438\u0441\u0442\u0440\u0430 \u043f\u0441\u0438\u0445\u043e\u043b\u043e\u0433\u0438\u0438 \u043d\u0430","breadcrumb":{"@id":"https:\/\/terapiekristina.cz\/ru\/kristina-afanasyeva\/#breadcrumb"},"inLanguage":"cs","potentialAction":[{"@type":"ReadAction","target":["https:\/\/terapiekristina.cz\/ru\/kristina-afanasyeva\/"]}]},{"@type":"BreadcrumbList","@id":"https:\/\/terapiekristina.cz\/ru\/kristina-afanasyeva\/#breadcrumb","itemListElement":[{"@type":"ListItem","position":1,"name":"Dom\u016f","item":"https:\/\/terapiekristina.cz\/ru\/"},{"@type":"ListItem","position":2,"name":"Mgr. \u041a\u0440\u0438\u0441\u0442\u0438\u043d\u0430 \u0413\u0430\u0431\u0435\u0440\u0446\u0435\u0442\u0442\u043b\u044c \u0410\u0444\u0430\u043d\u0430\u0441\u044c\u0435\u0432\u0430"}]}]}},"_links":{"self":[{"href":"https:\/\/terapiekristina.cz\/ru\/wp-json\/wp\/v2\/pages\/2"}],"collection":[{"href":"https:\/\/terapiekristina.cz\/ru\/wp-json\/wp\/v2\/pages"}],"about":[{"href":"https:\/\/terapiekristina.cz\/ru\/wp-json\/wp\/v2\/types\/page"}],"author":[{"embeddable":true,"href":"https:\/\/terapiekristina.cz\/ru\/wp-json\/wp\/v2\/users\/1"}],"replies":[{"embeddable":true,"href":"https:\/\/terapiekristina.cz\/ru\/wp-json\/wp\/v2\/comments?post=2"}],"version-history":[{"count":41,"href":"https:\/\/terapiekristina.cz\/ru\/wp-json\/wp\/v2\/pages\/2\/revisions"}],"predecessor-version":[{"id":631,"href":"https:\/\/terapiekristina.cz\/ru\/wp-json\/wp\/v2\/pages\/2\/revisions\/631"}],"wp:attachment":[{"href":"https:\/\/terapiekristina.cz\/ru\/wp-json\/wp\/v2\/media?parent=2"}],"curies":[{"name":"wp","href":"https:\/\/api.w.org\/{rel}","templated":true}]}}